{"id":1390,"date":"2022-04-21T11:26:01","date_gmt":"2022-04-21T11:26:01","guid":{"rendered":"https:\/\/yola-cabanas.com\/index.php\/home\/"},"modified":"2026-03-13T20:53:16","modified_gmt":"2026-03-13T19:53:16","slug":"home","status":"publish","type":"page","link":"https:\/\/yola-cabanas.com\/","title":{"rendered":""},"content":{"rendered":"\n<blockquote class=\"wp-block-quote is-layout-flow wp-block-quote-is-layout-flow\">\n<h5 class=\"wp-block-heading\"><strong>EL ARTE VISUAL ES EL LENGUAJE INVISIBLE QUE HABLA SIN NECESIDAD DE PALABRAS.<\/strong><\/h5>\n<\/blockquote>\n\n\n\n<div class=\"wp-block-stackable-text stk-block-text stk-block stk-7ebed0b\" data-block-id=\"7ebed0b\"><p class=\"stk-block-text__text has-text-align-justify\">El arte, adem\u00e1s de est\u00e9tica, es un punto de acceso. Mis obras funcionan como un lenguaje invisible; una se\u00f1al emitida al aire esperando que tu sinton\u00eda interna haga&nbsp;<strong>&#8216;clic&#8217;<\/strong>. Si est\u00e1s aqu\u00ed, es probable que estemos en la misma red.<\/p><\/div>\n\n\n\n<div class=\"wp-block-stackable-text stk-block-text stk-block stk-99ec73d\" data-block-id=\"99ec73d\"><p class=\"stk-block-text__text has-text-align-justify\">A veces, solo hace falta cruzarse con la obra adecuada en el momento justo para que algo en tu interior cambie para siempre.<\/p><\/div>\n\n\n\n<div class=\"wp-block-stackable-text stk-block-text stk-block stk-bc1f365\" data-block-id=\"bc1f365\"><p class=\"stk-block-text__text has-text-align-justify\">Deja que el arte que encontrar\u00e1s aqu\u00ed sea un canal para una nueva perspectiva.<\/p><\/div>\n\n\n\n<p><strong>Bienvenidos.<\/strong><\/p>\n\n\n\n<div class=\"wp-block-group alignfull is-content-justification-center is-layout-constrained wp-block-group-is-layout-constrained\" style=\"margin-top:0;margin-bottom:0\">\n<div style=\"height:var(--wp--preset--spacing--20)\" aria-hidden=\"true\" class=\"wp-block-spacer\"><\/div>\n\n\n\n<div style=\"height:var(--wp--preset--spacing--20)\" aria-hidden=\"true\" class=\"wp-block-spacer\"><\/div>\n<\/div>\n\n\n\n<h3 class=\"wp-block-heading has-text-align-center\">Arte, Exposiciones y Eventos<\/h3>\n\n\n\n<div class=\"wp-block-stackable-feature-grid alignwide stk-block-feature-grid stk-block-columns stk-block stk-ff267c6 is-style-default\" data-block-id=\"ff267c6\"><div class=\"stk-row stk-inner-blocks has-text-align-center stk-block-content stk-content-align stk-ff267c6-column alignwide\">\n<div class=\"wp-block-stackable-column stk-block-column stk-column stk-block stk-433d780\" data-v=\"4\" data-block-id=\"433d780\"><style>.stk-433d780-container{background-color:var(--theme-palette-color-4, #ffffff) !important;}.stk-433d780-container:before{background-color:var(--theme-palette-color-4, #ffffff) !important;}<\/style><div class=\"stk-column-wrapper stk-block-column__content stk-container stk-433d780-container stk-hover-parent\"><div class=\"stk-block-content stk-inner-blocks stk-433d780-inner-blocks\">\n<div class=\"wp-block-stackable-image stk-block-image stk-block stk-2f0e1af\" data-block-id=\"2f0e1af\"><figure><span class=\"stk-img-wrapper stk-image--shape-stretch\"><img loading=\"lazy\" decoding=\"async\" class=\"stk-img wp-image-826\" src=\"https:\/\/yola-cabanas.com\/wp-content\/uploads\/2023\/12\/Plano-Generador-o-Arbol-de-la-Vida-w.jpg\" width=\"1200\" height=\"900\" srcset=\"https:\/\/yola-cabanas.com\/wp-content\/uploads\/2023\/12\/Plano-Generador-o-Arbol-de-la-Vida-w.jpg 1200w, https:\/\/yola-cabanas.com\/wp-content\/uploads\/2023\/12\/Plano-Generador-o-Arbol-de-la-Vida-w-300x225.jpg 300w, https:\/\/yola-cabanas.com\/wp-content\/uploads\/2023\/12\/Plano-Generador-o-Arbol-de-la-Vida-w-1024x768.jpg 1024w, https:\/\/yola-cabanas.com\/wp-content\/uploads\/2023\/12\/Plano-Generador-o-Arbol-de-la-Vida-w-768x576.jpg 768w\" sizes=\"auto, (max-width: 1200px) 100vw, 1200px\" \/><\/span><\/figure><\/div>\n\n\n\n<div class=\"wp-block-stackable-button-group stk-block-button-group stk-block stk-c1f577e\" data-block-id=\"c1f577e\"><div class=\"stk-row stk-inner-blocks stk-block-content stk-button-group\">\n<div class=\"wp-block-stackable-button stk-block-button stk-block stk-108ee1f\" data-block-id=\"108ee1f\"><style>.stk-108ee1f .stk-button{background:var(--theme-palette-color-10, #e8ca42) !important;}.stk-108ee1f .stk-button__inner-text{color:var(--theme-palette-color-7, #242D2A) !important;}<\/style><a class=\"stk-link stk-button stk--hover-effect-darken\" href=\"https:\/\/yola-cabanas.com\/index.php\/paintings\/\" target=\"_blank\" rel=\"noreferrer noopener\"><span class=\"has-text-color stk-button__inner-text\">Obra Pict\u00f3rica<\/span><\/a><\/div>\n<\/div><\/div>\n<\/div><\/div><\/div>\n\n\n\n<div class=\"wp-block-stackable-column stk-block-column stk-column stk-block stk-75fcf5b\" data-v=\"4\" data-block-id=\"75fcf5b\"><div class=\"stk-column-wrapper stk-block-column__content stk-container stk-75fcf5b-container stk-hover-parent\"><div class=\"stk-block-content stk-inner-blocks stk-75fcf5b-inner-blocks\">\n<div class=\"wp-block-stackable-image stk-block-image stk-block stk-63ae452\" data-block-id=\"63ae452\"><figure><span class=\"stk-img-wrapper stk-image--shape-stretch\"><img loading=\"lazy\" decoding=\"async\" class=\"stk-img wp-image-2843\" src=\"https:\/\/yola-cabanas.com\/wp-content\/uploads\/2024\/01\/Arbol-y-Pentagonos-Rosas-Digital-Art-Yola-Cabanas.webp\" width=\"1200\" height=\"880\" srcset=\"https:\/\/yola-cabanas.com\/wp-content\/uploads\/2024\/01\/Arbol-y-Pentagonos-Rosas-Digital-Art-Yola-Cabanas.webp 1200w, https:\/\/yola-cabanas.com\/wp-content\/uploads\/2024\/01\/Arbol-y-Pentagonos-Rosas-Digital-Art-Yola-Cabanas-300x220.webp 300w, https:\/\/yola-cabanas.com\/wp-content\/uploads\/2024\/01\/Arbol-y-Pentagonos-Rosas-Digital-Art-Yola-Cabanas-1024x751.webp 1024w, https:\/\/yola-cabanas.com\/wp-content\/uploads\/2024\/01\/Arbol-y-Pentagonos-Rosas-Digital-Art-Yola-Cabanas-768x563.webp 768w\" sizes=\"auto, (max-width: 1200px) 100vw, 1200px\" \/><\/span><\/figure><\/div>\n\n\n\n<div class=\"wp-block-stackable-button-group stk-block-button-group stk-block stk-9fdc9cb\" data-block-id=\"9fdc9cb\"><div class=\"stk-row stk-inner-blocks stk-block-content stk-button-group\">\n<div class=\"wp-block-stackable-button stk-block-button stk-block stk-e03d5bd\" data-block-id=\"e03d5bd\"><style>.stk-e03d5bd .stk-button{background:var(--theme-palette-color-10, #e8ca42) !important;}.stk-e03d5bd .stk-button__inner-text{color:var(--theme-palette-color-7, #242D2A) !important;}<\/style><a class=\"stk-link stk-button stk--hover-effect-darken\" href=\"https:\/\/yola-cabanas.com\/index.php\/digital-art-gallery\/\" target=\"_blank\" rel=\"noreferrer noopener\"><span class=\"has-text-color stk-button__inner-text\">Arte Digital<\/span><\/a><\/div>\n<\/div><\/div>\n<\/div><\/div><\/div>\n\n\n\n<div class=\"wp-block-stackable-column stk-block-column stk-column stk-block stk-6daaa71\" data-v=\"4\" data-block-id=\"6daaa71\"><div class=\"stk-column-wrapper stk-block-column__content stk-container stk-6daaa71-container stk-hover-parent\"><div class=\"stk-block-content stk-inner-blocks stk-6daaa71-inner-blocks\">\n<div class=\"wp-block-stackable-image stk-block-image stk-block stk-468072a\" data-block-id=\"468072a\"><figure><span class=\"stk-img-wrapper stk-image--shape-stretch\"><img loading=\"lazy\" decoding=\"async\" class=\"stk-img wp-image-2845\" src=\"https:\/\/yola-cabanas.com\/wp-content\/uploads\/2024\/01\/Yola-Cabanas-presentacion-museo-MUPAM-Malaga-con-pintura-Mujer-y-Arbol.webp\" width=\"881\" height=\"667\" srcset=\"https:\/\/yola-cabanas.com\/wp-content\/uploads\/2024\/01\/Yola-Cabanas-presentacion-museo-MUPAM-Malaga-con-pintura-Mujer-y-Arbol.webp 881w, https:\/\/yola-cabanas.com\/wp-content\/uploads\/2024\/01\/Yola-Cabanas-presentacion-museo-MUPAM-Malaga-con-pintura-Mujer-y-Arbol-300x227.webp 300w, https:\/\/yola-cabanas.com\/wp-content\/uploads\/2024\/01\/Yola-Cabanas-presentacion-museo-MUPAM-Malaga-con-pintura-Mujer-y-Arbol-768x581.webp 768w\" sizes=\"auto, (max-width: 881px) 100vw, 881px\" \/><\/span><\/figure><\/div>\n\n\n\n<div class=\"wp-block-stackable-button-group stk-block-button-group stk-block stk-ad73a62\" data-block-id=\"ad73a62\"><div class=\"stk-row stk-inner-blocks stk-block-content stk-button-group\">\n<div class=\"wp-block-stackable-button stk-block-button stk-block stk-f1f6e89\" data-block-id=\"f1f6e89\"><style>.stk-f1f6e89 .stk-button{background:var(--theme-palette-color-10, #e8ca42) !important;}.stk-f1f6e89 .stk-button:before{border-color:var(--theme-palette-color-10, #e8ca42) !important;}.stk-f1f6e89 .stk-button .stk--inner-svg svg:last-child, .stk-f1f6e89 .stk-button .stk--inner-svg svg:last-child :is(g, path, rect, polygon, ellipse){fill:var(--theme-palette-color-10, #e8ca42) !important;}.stk-f1f6e89 .stk-button__inner-text{color:var(--theme-palette-color-7, #242D2A) !important;}<\/style><a class=\"stk-link stk-button stk--hover-effect-darken\" href=\"https:\/\/yola-cabanas.com\/index.php\/art-exhibits\/\" target=\"_blank\" rel=\"noreferrer noopener\"><span class=\"has-text-color stk-button__inner-text\">Exposiciones y Eventos <\/span><\/a><\/div>\n<\/div><\/div>\n<\/div><\/div><\/div>\n<\/div><\/div>\n\n\n\n<div class=\"wp-block-stackable-spacer stk-block-spacer stk--no-padding stk-block stk-19c1cf3\" data-block-id=\"19c1cf3\"><\/div>\n\n\n\n<p><\/p>\n","protected":false},"excerpt":{"rendered":"<p>EL ARTE VISUAL ES EL LENGUAJE INVISIBLE QUE HABLA SIN NECESIDAD DE PALABRAS. El arte, adem\u00e1s de est\u00e9tica, es un punto de acceso. Mis obras funcionan como un lenguaje invisible; una se\u00f1al emitida al aire esperando que tu sinton\u00eda interna haga&nbsp;&#8216;clic&#8217;. Si est\u00e1s aqu\u00ed, es probable que estemos en la misma red. A veces, solo [&hellip;]<\/p>\n","protected":false},"author":1,"featured_media":793,"parent":0,"menu_order":0,"comment_status":"closed","ping_status":"closed","template":"","meta":{"footnotes":""},"class_list":["post-1390","page","type-page","status-publish","has-post-thumbnail","hentry"],"blocksy_meta":{"page_structure_type":"type-4","styles_descriptor":{"styles":{"desktop":"","tablet":"","mobile":""},"google_fonts":[],"version":6}},"_hostinger_reach_plugin_has_subscription_block":false,"_hostinger_reach_plugin_is_elementor":false,"_links":{"self":[{"href":"https:\/\/yola-cabanas.com\/index.php\/wp-json\/wp\/v2\/pages\/1390","targetHints":{"allow":["GET"]}}],"collection":[{"href":"https:\/\/yola-cabanas.com\/index.php\/wp-json\/wp\/v2\/pages"}],"about":[{"href":"https:\/\/yola-cabanas.com\/index.php\/wp-json\/wp\/v2\/types\/page"}],"author":[{"embeddable":true,"href":"https:\/\/yola-cabanas.com\/index.php\/wp-json\/wp\/v2\/users\/1"}],"replies":[{"embeddable":true,"href":"https:\/\/yola-cabanas.com\/index.php\/wp-json\/wp\/v2\/comments?post=1390"}],"version-history":[{"count":134,"href":"https:\/\/yola-cabanas.com\/index.php\/wp-json\/wp\/v2\/pages\/1390\/revisions"}],"predecessor-version":[{"id":3654,"href":"https:\/\/yola-cabanas.com\/index.php\/wp-json\/wp\/v2\/pages\/1390\/revisions\/3654"}],"wp:featuredmedia":[{"embeddable":true,"href":"https:\/\/yola-cabanas.com\/index.php\/wp-json\/wp\/v2\/media\/793"}],"wp:attachment":[{"href":"https:\/\/yola-cabanas.com\/index.php\/wp-json\/wp\/v2\/media?parent=1390"}],"curies":[{"name":"wp","href":"https:\/\/api.w.org\/{rel}","templated":true}]}}