{"id":3365,"date":"2025-03-04T19:23:25","date_gmt":"2025-03-04T18:23:25","guid":{"rendered":"https:\/\/yola-cabanas.com\/?page_id=3365"},"modified":"2026-03-13T20:57:42","modified_gmt":"2026-03-13T19:57:42","slug":"3365-2","status":"publish","type":"page","link":"https:\/\/yola-cabanas.com\/index.php\/3365-2\/","title":{"rendered":"OBRA"},"content":{"rendered":"\n<div class=\"wp-block-media-text has-media-on-the-right is-stacked-on-mobile\" style=\"grid-template-columns:auto 33%\"><div class=\"wp-block-media-text__content\">\n<div class=\"wp-block-stackable-text stk-block-text stk-block stk-b26c82e\" data-block-id=\"b26c82e\"><p class=\"stk-block-text__text has-text-align-justify\">Como artista multidisciplinar contempor\u00e1nea, mis creaciones art\u00edsticas fundamentalmente son en el \u00e1rea de la pintura expresionista libre figurativa, abstractos, t\u00e9cnicas mixtas y tecnolog\u00eda digital.<\/p><\/div>\n\n\n\n<div class=\"wp-block-stackable-text stk-block-text stk-block stk-f077b14\" data-block-id=\"f077b14\"><p class=\"stk-block-text__text has-text-align-justify\">Para m\u00ed, el arte es un puente al alma, a la vida&#8230; con lo sutil, el sentir, el descubrir&#8230; A trav\u00e9s de la pintura, el arte digital y la IA, exploro nuevas dimensiones creativas donde la conciencia y la materia se entrelazan.<\/p><\/div>\n\n\n\n<div class=\"wp-block-stackable-text stk-block-text stk-block stk-9f64d2c\" data-block-id=\"9f64d2c\"><p class=\"stk-block-text__text\">En cierta manera, pintando hago visible lo invisible.<\/p><\/div>\n\n\n\n<p>Hay quienes dicen que mis cuadros hablan&#8230; Y eso me gusta<\/p>\n\n\n\n<div class=\"wp-block-stackable-text stk-block-text stk-block stk-1db9f7b\" data-block-id=\"1db9f7b\"><p class=\"stk-block-text__text has-text-align-justify\"><em>Como dijo Kandinsky: &#8216;El arte va m\u00e1s all\u00e1 de lo visible y habla directamente al alma&#8217;. Por eso, en cada trazo y en cada obra, mi prop\u00f3sito es simple:&nbsp;<strong>hacer visible lo invisible<\/strong>.<\/em><\/p><\/div>\n<\/div><figure class=\"wp-block-media-text__media\"><img loading=\"lazy\" decoding=\"async\" width=\"1024\" height=\"1024\" src=\"https:\/\/yola-cabanas.com\/wp-content\/uploads\/2023\/12\/Yola-Cabanas-Self-Portrait-Digital-Art-1024x1024.webp\" alt=\"\" class=\"wp-image-2641 size-full\" srcset=\"https:\/\/yola-cabanas.com\/wp-content\/uploads\/2023\/12\/Yola-Cabanas-Self-Portrait-Digital-Art-1024x1024.webp 1024w, https:\/\/yola-cabanas.com\/wp-content\/uploads\/2023\/12\/Yola-Cabanas-Self-Portrait-Digital-Art-300x300.webp 300w, https:\/\/yola-cabanas.com\/wp-content\/uploads\/2023\/12\/Yola-Cabanas-Self-Portrait-Digital-Art-150x150.webp 150w, https:\/\/yola-cabanas.com\/wp-content\/uploads\/2023\/12\/Yola-Cabanas-Self-Portrait-Digital-Art-768x768.webp 768w, https:\/\/yola-cabanas.com\/wp-content\/uploads\/2023\/12\/Yola-Cabanas-Self-Portrait-Digital-Art.webp 1200w\" sizes=\"auto, (max-width: 1024px) 100vw, 1024px\" \/><\/figure><\/div>\n\n\n\n<h2 class=\"wp-block-heading has-text-align-center\">Pinturas<\/h2>\n\n\n\n<div class=\"wp-block-stackable-text stk-block-text stk-block stk-58b6e93\" data-block-id=\"58b6e93\"><p class=\"stk-block-text__text has-text-align-justify\">En esta galer\u00eda online, me complace mostrar algunas de mis pinturas, la mayor parte de las cuales se encuentran en colecciones privadas. <\/p><\/div>\n\n\n\n<figure class=\"wp-block-gallery has-nested-images columns-default is-cropped wp-block-gallery-1 is-layout-flex wp-block-gallery-is-layout-flex\">\n<figure class=\"wp-block-image size-large\"><img loading=\"lazy\" decoding=\"async\" width=\"768\" height=\"1024\" data-id=\"847\" src=\"https:\/\/yola-cabanas.com\/wp-content\/uploads\/2023\/12\/arbol-y-rosa-2-W-768x1024.jpg\" alt=\"\" class=\"wp-image-847\" srcset=\"https:\/\/yola-cabanas.com\/wp-content\/uploads\/2023\/12\/arbol-y-rosa-2-W-768x1024.jpg 768w, https:\/\/yola-cabanas.com\/wp-content\/uploads\/2023\/12\/arbol-y-rosa-2-W-225x300.jpg 225w, https:\/\/yola-cabanas.com\/wp-content\/uploads\/2023\/12\/arbol-y-rosa-2-W.jpg 900w\" sizes=\"auto, (max-width: 768px) 100vw, 768px\" \/><\/figure>\n\n\n\n<figure class=\"wp-block-image size-large\"><img loading=\"lazy\" decoding=\"async\" width=\"781\" height=\"1024\" data-id=\"855\" src=\"https:\/\/yola-cabanas.com\/wp-content\/uploads\/2023\/12\/Mujer-Mar-en-Andalucia-w-781x1024.jpg\" alt=\"\" class=\"wp-image-855\" srcset=\"https:\/\/yola-cabanas.com\/wp-content\/uploads\/2023\/12\/Mujer-Mar-en-Andalucia-w-781x1024.jpg 781w, https:\/\/yola-cabanas.com\/wp-content\/uploads\/2023\/12\/Mujer-Mar-en-Andalucia-w-229x300.jpg 229w, https:\/\/yola-cabanas.com\/wp-content\/uploads\/2023\/12\/Mujer-Mar-en-Andalucia-w-768x1007.jpg 768w, https:\/\/yola-cabanas.com\/wp-content\/uploads\/2023\/12\/Mujer-Mar-en-Andalucia-w.jpg 915w\" sizes=\"auto, (max-width: 781px) 100vw, 781px\" \/><\/figure>\n\n\n\n<figure class=\"wp-block-image size-large\"><img loading=\"lazy\" decoding=\"async\" width=\"850\" height=\"1024\" data-id=\"848\" src=\"https:\/\/yola-cabanas.com\/wp-content\/uploads\/2023\/12\/autoretrato-en-rojo-w-1-850x1024.jpg\" alt=\"\" class=\"wp-image-848\" srcset=\"https:\/\/yola-cabanas.com\/wp-content\/uploads\/2023\/12\/autoretrato-en-rojo-w-1-850x1024.jpg 850w, https:\/\/yola-cabanas.com\/wp-content\/uploads\/2023\/12\/autoretrato-en-rojo-w-1-249x300.jpg 249w, https:\/\/yola-cabanas.com\/wp-content\/uploads\/2023\/12\/autoretrato-en-rojo-w-1-768x925.jpg 768w, https:\/\/yola-cabanas.com\/wp-content\/uploads\/2023\/12\/autoretrato-en-rojo-w-1.jpg 996w\" sizes=\"auto, (max-width: 850px) 100vw, 850px\" \/><\/figure>\n\n\n\n<figure class=\"wp-block-image size-large\"><img loading=\"lazy\" decoding=\"async\" width=\"731\" height=\"1024\" data-id=\"857\" src=\"https:\/\/yola-cabanas.com\/wp-content\/uploads\/2023\/12\/Tu-Fuego-Invisible-w-731x1024.jpg\" alt=\"\" class=\"wp-image-857\" srcset=\"https:\/\/yola-cabanas.com\/wp-content\/uploads\/2023\/12\/Tu-Fuego-Invisible-w-731x1024.jpg 731w, https:\/\/yola-cabanas.com\/wp-content\/uploads\/2023\/12\/Tu-Fuego-Invisible-w-214x300.jpg 214w, https:\/\/yola-cabanas.com\/wp-content\/uploads\/2023\/12\/Tu-Fuego-Invisible-w-768x1075.jpg 768w, https:\/\/yola-cabanas.com\/wp-content\/uploads\/2023\/12\/Tu-Fuego-Invisible-w.jpg 857w\" sizes=\"auto, (max-width: 731px) 100vw, 731px\" \/><\/figure>\n\n\n\n<figure class=\"wp-block-image size-large\"><img loading=\"lazy\" decoding=\"async\" width=\"822\" height=\"1024\" data-id=\"854\" src=\"https:\/\/yola-cabanas.com\/wp-content\/uploads\/2023\/12\/Mujer-Arbol-w-822x1024.jpg\" alt=\"\" class=\"wp-image-854\" srcset=\"https:\/\/yola-cabanas.com\/wp-content\/uploads\/2023\/12\/Mujer-Arbol-w-822x1024.jpg 822w, https:\/\/yola-cabanas.com\/wp-content\/uploads\/2023\/12\/Mujer-Arbol-w-241x300.jpg 241w, https:\/\/yola-cabanas.com\/wp-content\/uploads\/2023\/12\/Mujer-Arbol-w-768x957.jpg 768w, https:\/\/yola-cabanas.com\/wp-content\/uploads\/2023\/12\/Mujer-Arbol-w.jpg 963w\" sizes=\"auto, (max-width: 822px) 100vw, 822px\" \/><\/figure>\n\n\n\n<figure class=\"wp-block-image size-large\"><img loading=\"lazy\" decoding=\"async\" width=\"608\" height=\"1024\" data-id=\"903\" src=\"https:\/\/yola-cabanas.com\/wp-content\/uploads\/2023\/12\/arbol-y-buho-w-2-608x1024.jpg\" alt=\"\" class=\"wp-image-903\" srcset=\"https:\/\/yola-cabanas.com\/wp-content\/uploads\/2023\/12\/arbol-y-buho-w-2-608x1024.jpg 608w, https:\/\/yola-cabanas.com\/wp-content\/uploads\/2023\/12\/arbol-y-buho-w-2-178x300.jpg 178w, https:\/\/yola-cabanas.com\/wp-content\/uploads\/2023\/12\/arbol-y-buho-w-2.jpg 713w\" sizes=\"auto, (max-width: 608px) 100vw, 608px\" \/><\/figure>\n\n\n\n<figure class=\"wp-block-image size-large\"><img loading=\"lazy\" decoding=\"async\" width=\"768\" height=\"1024\" data-id=\"851\" src=\"https:\/\/yola-cabanas.com\/wp-content\/uploads\/2023\/12\/Cuantic-w-768x1024.jpg\" alt=\"\" class=\"wp-image-851\" srcset=\"https:\/\/yola-cabanas.com\/wp-content\/uploads\/2023\/12\/Cuantic-w-768x1024.jpg 768w, https:\/\/yola-cabanas.com\/wp-content\/uploads\/2023\/12\/Cuantic-w-225x300.jpg 225w, https:\/\/yola-cabanas.com\/wp-content\/uploads\/2023\/12\/Cuantic-w.jpg 900w\" sizes=\"auto, (max-width: 768px) 100vw, 768px\" \/><\/figure>\n\n\n\n<figure class=\"wp-block-image size-large\"><img loading=\"lazy\" decoding=\"async\" width=\"768\" height=\"1024\" data-id=\"856\" src=\"https:\/\/yola-cabanas.com\/wp-content\/uploads\/2023\/12\/Paraiso-w-768x1024.jpg\" alt=\"\" class=\"wp-image-856\" srcset=\"https:\/\/yola-cabanas.com\/wp-content\/uploads\/2023\/12\/Paraiso-w-768x1024.jpg 768w, https:\/\/yola-cabanas.com\/wp-content\/uploads\/2023\/12\/Paraiso-w-225x300.jpg 225w, https:\/\/yola-cabanas.com\/wp-content\/uploads\/2023\/12\/Paraiso-w.jpg 900w\" sizes=\"auto, (max-width: 768px) 100vw, 768px\" \/><\/figure>\n\n\n\n<figure class=\"wp-block-image size-large\"><img loading=\"lazy\" decoding=\"async\" width=\"768\" height=\"1024\" data-id=\"849\" src=\"https:\/\/yola-cabanas.com\/wp-content\/uploads\/2023\/12\/Con-los-Elementos-w-768x1024.jpg\" alt=\"\" class=\"wp-image-849\" srcset=\"https:\/\/yola-cabanas.com\/wp-content\/uploads\/2023\/12\/Con-los-Elementos-w-768x1024.jpg 768w, https:\/\/yola-cabanas.com\/wp-content\/uploads\/2023\/12\/Con-los-Elementos-w-225x300.jpg 225w, https:\/\/yola-cabanas.com\/wp-content\/uploads\/2023\/12\/Con-los-Elementos-w.jpg 900w\" sizes=\"auto, (max-width: 768px) 100vw, 768px\" \/><\/figure>\n\n\n\n<figure class=\"wp-block-image size-large\"><img loading=\"lazy\" decoding=\"async\" width=\"608\" height=\"1024\" data-id=\"824\" src=\"https:\/\/yola-cabanas.com\/wp-content\/uploads\/2023\/12\/arbol-y-buho-w-608x1024.jpg\" alt=\"\" class=\"wp-image-824\" srcset=\"https:\/\/yola-cabanas.com\/wp-content\/uploads\/2023\/12\/arbol-y-buho-w-608x1024.jpg 608w, https:\/\/yola-cabanas.com\/wp-content\/uploads\/2023\/12\/arbol-y-buho-w-178x300.jpg 178w, https:\/\/yola-cabanas.com\/wp-content\/uploads\/2023\/12\/arbol-y-buho-w.jpg 713w\" sizes=\"auto, (max-width: 608px) 100vw, 608px\" \/><\/figure>\n\n\n\n<figure class=\"wp-block-image size-large\"><img loading=\"lazy\" decoding=\"async\" width=\"768\" height=\"1024\" data-id=\"850\" src=\"https:\/\/yola-cabanas.com\/wp-content\/uploads\/2023\/12\/Cosmic-Me-w-768x1024.jpg\" alt=\"\" class=\"wp-image-850\" srcset=\"https:\/\/yola-cabanas.com\/wp-content\/uploads\/2023\/12\/Cosmic-Me-w-768x1024.jpg 768w, https:\/\/yola-cabanas.com\/wp-content\/uploads\/2023\/12\/Cosmic-Me-w-225x300.jpg 225w, https:\/\/yola-cabanas.com\/wp-content\/uploads\/2023\/12\/Cosmic-Me-w-1152x1536.jpg 1152w, https:\/\/yola-cabanas.com\/wp-content\/uploads\/2023\/12\/Cosmic-Me-w-1536x2048.jpg 1536w, https:\/\/yola-cabanas.com\/wp-content\/uploads\/2023\/12\/Cosmic-Me-w-scaled.jpg 1920w\" sizes=\"auto, (max-width: 768px) 100vw, 768px\" \/><\/figure>\n\n\n\n<figure class=\"wp-block-image size-large\"><img loading=\"lazy\" decoding=\"async\" width=\"811\" height=\"1024\" data-id=\"3399\" src=\"https:\/\/yola-cabanas.com\/wp-content\/uploads\/2025\/03\/W-Hombre-811x1024.jpg\" alt=\"\" class=\"wp-image-3399\" srcset=\"https:\/\/yola-cabanas.com\/wp-content\/uploads\/2025\/03\/W-Hombre-811x1024.jpg 811w, https:\/\/yola-cabanas.com\/wp-content\/uploads\/2025\/03\/W-Hombre-238x300.jpg 238w, https:\/\/yola-cabanas.com\/wp-content\/uploads\/2025\/03\/W-Hombre-768x970.jpg 768w, https:\/\/yola-cabanas.com\/wp-content\/uploads\/2025\/03\/W-Hombre.jpg 1000w\" sizes=\"auto, (max-width: 811px) 100vw, 811px\" \/><\/figure>\n<\/figure>\n\n\n\n<p><\/p>\n\n\n\n<h2 class=\"wp-block-heading has-text-align-center\">Arte Digital<\/h2>\n\n\n\n<div class=\"wp-block-stackable-text stk-block-text stk-block stk-27b1f41\" data-block-id=\"27b1f41\"><p class=\"stk-block-text__text has-text-align-justify\">Como artista visual digital, me fascina la creatividad en intersecci\u00f3n con la tecnolog\u00eda. El arte digital puede inspirarnos nuevas formas de crear y visualizar. <\/p><\/div>\n\n\n\n<div class=\"wp-block-stackable-text stk-block-text stk-block stk-5e0d2db\" data-block-id=\"5e0d2db\"><p class=\"stk-block-text__text has-text-align-justify\">En mis obras de arte digital, a menudo incorporo elementos de collage digital y manipulaci\u00f3n fotogr\u00e1fica.<\/p><\/div>\n\n\n\n<figure class=\"wp-block-gallery has-nested-images columns-default is-cropped wp-block-gallery-2 is-layout-flex wp-block-gallery-is-layout-flex\">\n<figure class=\"wp-block-image size-large\"><img loading=\"lazy\" decoding=\"async\" width=\"426\" height=\"426\" data-id=\"2993\" src=\"https:\/\/yola-cabanas.com\/wp-content\/uploads\/2024\/01\/Yola-CAbanas-Digiatl-Art-Mistica-1-1.webp\" alt=\"\" class=\"wp-image-2993\" srcset=\"https:\/\/yola-cabanas.com\/wp-content\/uploads\/2024\/01\/Yola-CAbanas-Digiatl-Art-Mistica-1-1.webp 426w, https:\/\/yola-cabanas.com\/wp-content\/uploads\/2024\/01\/Yola-CAbanas-Digiatl-Art-Mistica-1-1-300x300.webp 300w, https:\/\/yola-cabanas.com\/wp-content\/uploads\/2024\/01\/Yola-CAbanas-Digiatl-Art-Mistica-1-1-150x150.webp 150w\" sizes=\"auto, (max-width: 426px) 100vw, 426px\" \/><\/figure>\n\n\n\n<figure class=\"wp-block-image size-large\"><img loading=\"lazy\" decoding=\"async\" width=\"892\" height=\"745\" data-id=\"2992\" src=\"https:\/\/yola-cabanas.com\/wp-content\/uploads\/2024\/01\/Yola-Cabanas-Canto-a-la-Vida-Arte-Digital.webp\" alt=\"\" class=\"wp-image-2992\" srcset=\"https:\/\/yola-cabanas.com\/wp-content\/uploads\/2024\/01\/Yola-Cabanas-Canto-a-la-Vida-Arte-Digital.webp 892w, https:\/\/yola-cabanas.com\/wp-content\/uploads\/2024\/01\/Yola-Cabanas-Canto-a-la-Vida-Arte-Digital-300x251.webp 300w, https:\/\/yola-cabanas.com\/wp-content\/uploads\/2024\/01\/Yola-Cabanas-Canto-a-la-Vida-Arte-Digital-768x641.webp 768w\" sizes=\"auto, (max-width: 892px) 100vw, 892px\" \/><\/figure>\n\n\n\n<figure class=\"wp-block-image size-large\"><img loading=\"lazy\" decoding=\"async\" width=\"1024\" height=\"751\" data-id=\"931\" src=\"https:\/\/yola-cabanas.com\/wp-content\/uploads\/2023\/12\/Arbol-y-Pentagonos-Rosas-Digital-Art-Yola-Cabanas-1024x751.webp\" alt=\"\" class=\"wp-image-931\" srcset=\"https:\/\/yola-cabanas.com\/wp-content\/uploads\/2023\/12\/Arbol-y-Pentagonos-Rosas-Digital-Art-Yola-Cabanas-1024x751.webp 1024w, https:\/\/yola-cabanas.com\/wp-content\/uploads\/2023\/12\/Arbol-y-Pentagonos-Rosas-Digital-Art-Yola-Cabanas-300x220.webp 300w, https:\/\/yola-cabanas.com\/wp-content\/uploads\/2023\/12\/Arbol-y-Pentagonos-Rosas-Digital-Art-Yola-Cabanas-768x563.webp 768w, https:\/\/yola-cabanas.com\/wp-content\/uploads\/2023\/12\/Arbol-y-Pentagonos-Rosas-Digital-Art-Yola-Cabanas.webp 1200w\" sizes=\"auto, (max-width: 1024px) 100vw, 1024px\" \/><\/figure>\n<\/figure>\n\n\n\n<figure class=\"wp-block-gallery has-nested-images columns-default is-cropped wp-block-gallery-3 is-layout-flex wp-block-gallery-is-layout-flex\">\n<figure class=\"wp-block-image size-large\"><img loading=\"lazy\" decoding=\"async\" width=\"1024\" height=\"1024\" data-id=\"3403\" src=\"https:\/\/yola-cabanas.com\/wp-content\/uploads\/2025\/03\/1643413401735-1024x1024.jpg\" alt=\"\" class=\"wp-image-3403\" srcset=\"https:\/\/yola-cabanas.com\/wp-content\/uploads\/2025\/03\/1643413401735-1024x1024.jpg 1024w, https:\/\/yola-cabanas.com\/wp-content\/uploads\/2025\/03\/1643413401735-300x300.jpg 300w, https:\/\/yola-cabanas.com\/wp-content\/uploads\/2025\/03\/1643413401735-150x150.jpg 150w, https:\/\/yola-cabanas.com\/wp-content\/uploads\/2025\/03\/1643413401735-768x768.jpg 768w, https:\/\/yola-cabanas.com\/wp-content\/uploads\/2025\/03\/1643413401735-1536x1536.jpg 1536w, https:\/\/yola-cabanas.com\/wp-content\/uploads\/2025\/03\/1643413401735.jpg 2000w\" sizes=\"auto, (max-width: 1024px) 100vw, 1024px\" \/><\/figure>\n\n\n\n<figure class=\"wp-block-image size-large\"><img loading=\"lazy\" decoding=\"async\" width=\"1024\" height=\"1024\" data-id=\"3402\" src=\"https:\/\/yola-cabanas.com\/wp-content\/uploads\/2025\/03\/Fountain-Flower-Land-1024x1024.jpg\" alt=\"\" class=\"wp-image-3402\" srcset=\"https:\/\/yola-cabanas.com\/wp-content\/uploads\/2025\/03\/Fountain-Flower-Land-1024x1024.jpg 1024w, https:\/\/yola-cabanas.com\/wp-content\/uploads\/2025\/03\/Fountain-Flower-Land-300x300.jpg 300w, https:\/\/yola-cabanas.com\/wp-content\/uploads\/2025\/03\/Fountain-Flower-Land-150x150.jpg 150w, https:\/\/yola-cabanas.com\/wp-content\/uploads\/2025\/03\/Fountain-Flower-Land-768x768.jpg 768w, https:\/\/yola-cabanas.com\/wp-content\/uploads\/2025\/03\/Fountain-Flower-Land.jpg 1500w\" sizes=\"auto, (max-width: 1024px) 100vw, 1024px\" \/><\/figure>\n\n\n\n<figure class=\"wp-block-image size-large\"><img loading=\"lazy\" decoding=\"async\" width=\"768\" height=\"1024\" data-id=\"3404\" src=\"https:\/\/yola-cabanas.com\/wp-content\/uploads\/2025\/03\/DA-Tree-Planet-768x1024.jpg\" alt=\"\" class=\"wp-image-3404\" srcset=\"https:\/\/yola-cabanas.com\/wp-content\/uploads\/2025\/03\/DA-Tree-Planet-768x1024.jpg 768w, https:\/\/yola-cabanas.com\/wp-content\/uploads\/2025\/03\/DA-Tree-Planet-225x300.jpg 225w, https:\/\/yola-cabanas.com\/wp-content\/uploads\/2025\/03\/DA-Tree-Planet-1152x1536.jpg 1152w, https:\/\/yola-cabanas.com\/wp-content\/uploads\/2025\/03\/DA-Tree-Planet-1536x2048.jpg 1536w, https:\/\/yola-cabanas.com\/wp-content\/uploads\/2025\/03\/DA-Tree-Planet-scaled.jpg 1920w\" sizes=\"auto, (max-width: 768px) 100vw, 768px\" \/><\/figure>\n<\/figure>\n\n\n\n<div class=\"wp-block-stackable-text stk-block-text stk-block stk-ef3283d\" data-block-id=\"ef3283d\"><p class=\"stk-block-text__text has-text-align-justify\">Actualmente exploro la Inteligencia Artificial como un nuevo pincel. Es un di\u00e1logo donde mi intenci\u00f3n expresionista gu\u00eda al algoritmo, buscando formas in\u00e9ditas de proyectar el sentir y la conciencia.<\/p><\/div>\n\n\n\n<h2 class=\"wp-block-heading has-text-align-center\">Exposiciones, Ferias de Arte y Eventos<\/h2>\n\n\n\n<div class=\"wp-block-stackable-text stk-block-text stk-block stk-c0d4647\" data-block-id=\"c0d4647\"><p class=\"stk-block-text__text has-text-align-justify\">He participado en diversas exposiciones de arte, individuales y colectivas, ferias de arte internacionales y eventos culturales.<\/p><\/div>\n\n\n\n<blockquote class=\"wp-block-quote has-text-align-center is-layout-flow wp-block-quote-is-layout-flow\">\n<div class=\"wp-block-stackable-text stk-block-text stk-block stk-7e01ae0\" data-block-id=\"7e01ae0\"><p class=\"stk-block-text__text has-text-align-justify\">Llegar\u00e1 el d\u00eda que mirar a una simple zanahoria de otra manera, iniciar\u00e1 una revoluci\u00f3n.<\/p><\/div>\n<cite>Paul C\u00e9zanne<\/cite><\/blockquote>\n\n\n\n<h3 class=\"wp-block-heading\">Eventos y Ferias de Arte<\/h3>\n\n\n\n<ul class=\"wp-block-list\">\n<li>Feria de Arte, Ayuntamiento de San Lorenzo de El Escorial, Madrid.<\/li>\n<\/ul>\n\n\n\n<ul class=\"wp-block-list\">\n<li>MUPAM, Museo de Patrimonio Municipal de M\u00e1laga. Presentaci\u00f3n con proyecci\u00f3n de luz de obra pict\u00f3rica, colectiva.<\/li>\n<\/ul>\n\n\n\n<ul class=\"wp-block-list\">\n<li>Feria Internacional de Arte, Sal\u00f3n de Oto\u00f1o, Espacio 120, Barcelona, Representada por Galer\u00eda Arag\u00f3n 232<\/li>\n<\/ul>\n\n\n\n<h3 class=\"wp-block-heading\">Exposiciones Individuales<\/h3>\n\n\n\n<ul class=\"wp-block-list\">\n<li>Sala Exposiciones en La Cochera, \u201cPlacer\u201d, M\u00e1laga.<\/li>\n\n\n\n<li>Soho Caf\u00e9, \u201cConexiones: Visiones paralelas\u201d (dual), M\u00e1laga.<\/li>\n\n\n\n<li>Hotel Vincci Estrella del Mar, \u201cMundos\u201d, Marbella.<\/li>\n\n\n\n<li>Caf\u00e9 Arte Lolita, \u201cLiberaci\u00f3n\u201d, M\u00e1laga.<\/li>\n\n\n\n<li>Sala Exposiciones del Parque Tecnol\u00f3gico de Andaluc\u00eda, &#8220;Conciencia&#8221;.<\/li>\n\n\n\n<li>Hotel Vincci, \u201cRealidades\u201d, M\u00e1laga.<\/li>\n<\/ul>\n\n\n\n<h3 class=\"wp-block-heading\">Exposiciones Colectivas<\/h3>\n\n\n\n<ul class=\"wp-block-list\">\n<li>University de Alcal\u00e1 de Henares, facultad de derecho, tem\u00e1tica libre, Alcal\u00e1 de Henares.<\/li>\n\n\n\n<li>Sala exposiciones del Ayuntamiento de Bargas, Toledo.<\/li>\n\n\n\n<li>Fundaci\u00f3n Caja de \u00c1vila, Los Serrano Palace, \u00c1vila.<\/li>\n\n\n\n<li>Casa de Cultura en Manzanares el Real.<\/li>\n\n\n\n<li>Sala exposiciones Maruja Mallo, Centro Cultural Clara Campoamor, Madrid.<\/li>\n\n\n\n<li>Museo Casa Julio Escobar, Los Molinos, Madrid.<\/li>\n\n\n\n<li>Restaurante Vino M\u00edo, \u201cHomenaje a Cervantes\u201d, M\u00e1laga.<\/li>\n\n\n\n<li>Galler\u00eda Javier Rom\u00e1n, \u201cNoche de las Estrellas\u201d, M\u00e1laga.<\/li>\n\n\n\n<li>Diputaci\u00f3n de M\u00e1laga, \u201cArte Malacitano\u201d, M\u00e1laga.<\/li>\n\n\n\n<li>Sala exposiciones Manuel Barbadillo, \u201cEl Mar\u201d, M\u00e1laga.<\/li>\n\n\n\n<li>Miguel Cervantes Library, \u201c\u00c1frica y la Mujer\u201d, M\u00e1laga.<\/li>\n\n\n\n<li>Sala de exposiciones Manuel Barbadillo, \u201cPresencias 37\u201d, M\u00e1laga.<\/li>\n\n\n\n<li>Diputaci\u00f3n de M\u00e1laga, \u201cPresencias 36\u201d, M\u00e1laga.<\/li>\n<\/ul>\n\n\n\n<hr class=\"wp-block-separator has-alpha-channel-opacity is-style-wide\"\/>\n\n\n\n<h3 class=\"wp-block-heading has-text-align-center\">El Arte y sus Experiencias evocan emociones profundas<\/h3>\n\n\n\n<figure class=\"wp-block-gallery has-nested-images columns-default is-cropped wp-block-gallery-4 is-layout-flex wp-block-gallery-is-layout-flex\">\n<figure class=\"wp-block-image size-large\"><img loading=\"lazy\" decoding=\"async\" width=\"881\" height=\"667\" data-id=\"2845\" src=\"https:\/\/yola-cabanas.com\/wp-content\/uploads\/2024\/01\/Yola-Cabanas-presentacion-museo-MUPAM-Malaga-con-pintura-Mujer-y-Arbol.webp\" alt=\"\" class=\"wp-image-2845\" srcset=\"https:\/\/yola-cabanas.com\/wp-content\/uploads\/2024\/01\/Yola-Cabanas-presentacion-museo-MUPAM-Malaga-con-pintura-Mujer-y-Arbol.webp 881w, https:\/\/yola-cabanas.com\/wp-content\/uploads\/2024\/01\/Yola-Cabanas-presentacion-museo-MUPAM-Malaga-con-pintura-Mujer-y-Arbol-300x227.webp 300w, https:\/\/yola-cabanas.com\/wp-content\/uploads\/2024\/01\/Yola-Cabanas-presentacion-museo-MUPAM-Malaga-con-pintura-Mujer-y-Arbol-768x581.webp 768w\" sizes=\"auto, (max-width: 881px) 100vw, 881px\" \/><\/figure>\n\n\n\n<figure class=\"wp-block-image size-large\"><img loading=\"lazy\" decoding=\"async\" width=\"404\" height=\"1025\" data-id=\"2666\" src=\"https:\/\/yola-cabanas.com\/wp-content\/uploads\/2023\/12\/revistart-yola-MUPAM.webp\" alt=\"\" class=\"wp-image-2666\" srcset=\"https:\/\/yola-cabanas.com\/wp-content\/uploads\/2023\/12\/revistart-yola-MUPAM.webp 404w, https:\/\/yola-cabanas.com\/wp-content\/uploads\/2023\/12\/revistart-yola-MUPAM-118x300.webp 118w\" sizes=\"auto, (max-width: 404px) 100vw, 404px\" \/><\/figure>\n\n\n\n<figure class=\"wp-block-image size-large\"><img loading=\"lazy\" decoding=\"async\" width=\"387\" height=\"1023\" data-id=\"2664\" src=\"https:\/\/yola-cabanas.com\/wp-content\/uploads\/2023\/12\/Yola-CAbanas-revistart-corazon-de-indio-1.webp\" alt=\"\" class=\"wp-image-2664\" srcset=\"https:\/\/yola-cabanas.com\/wp-content\/uploads\/2023\/12\/Yola-CAbanas-revistart-corazon-de-indio-1.webp 387w, https:\/\/yola-cabanas.com\/wp-content\/uploads\/2023\/12\/Yola-CAbanas-revistart-corazon-de-indio-1-113x300.webp 113w\" sizes=\"auto, (max-width: 387px) 100vw, 387px\" \/><\/figure>\n\n\n\n<figure class=\"wp-block-image size-large\"><img loading=\"lazy\" decoding=\"async\" width=\"790\" height=\"1024\" data-id=\"832\" src=\"https:\/\/yola-cabanas.com\/wp-content\/uploads\/2023\/12\/w-pareja-mirando-mi-cuadro-copia-790x1024.webp\" alt=\"\" class=\"wp-image-832\" srcset=\"https:\/\/yola-cabanas.com\/wp-content\/uploads\/2023\/12\/w-pareja-mirando-mi-cuadro-copia-790x1024.webp 790w, https:\/\/yola-cabanas.com\/wp-content\/uploads\/2023\/12\/w-pareja-mirando-mi-cuadro-copia-231x300.webp 231w, https:\/\/yola-cabanas.com\/wp-content\/uploads\/2023\/12\/w-pareja-mirando-mi-cuadro-copia-768x996.webp 768w, https:\/\/yola-cabanas.com\/wp-content\/uploads\/2023\/12\/w-pareja-mirando-mi-cuadro-copia.webp 1000w\" sizes=\"auto, (max-width: 790px) 100vw, 790px\" \/><\/figure>\n\n\n\n<figure class=\"wp-block-image size-large\"><img loading=\"lazy\" decoding=\"async\" width=\"604\" height=\"1024\" data-id=\"2665\" src=\"https:\/\/yola-cabanas.com\/wp-content\/uploads\/2023\/12\/revistart-expresinismo-magico-Yola-Cabanas-604x1024.webp\" alt=\"\" class=\"wp-image-2665\" srcset=\"https:\/\/yola-cabanas.com\/wp-content\/uploads\/2023\/12\/revistart-expresinismo-magico-Yola-Cabanas-604x1024.webp 604w, https:\/\/yola-cabanas.com\/wp-content\/uploads\/2023\/12\/revistart-expresinismo-magico-Yola-Cabanas-177x300.webp 177w, https:\/\/yola-cabanas.com\/wp-content\/uploads\/2023\/12\/revistart-expresinismo-magico-Yola-Cabanas.webp 649w\" sizes=\"auto, (max-width: 604px) 100vw, 604px\" \/><\/figure>\n\n\n\n<figure class=\"wp-block-image size-large\"><img loading=\"lazy\" decoding=\"async\" width=\"1024\" height=\"1024\" data-id=\"932\" src=\"https:\/\/yola-cabanas.com\/wp-content\/uploads\/2023\/12\/Yola-Cabanas-Self-Portrait-Pencil-and-Sphere-Digital-Art-1024x1024.jpeg\" alt=\"\" class=\"wp-image-932\" srcset=\"https:\/\/yola-cabanas.com\/wp-content\/uploads\/2023\/12\/Yola-Cabanas-Self-Portrait-Pencil-and-Sphere-Digital-Art-1024x1024.jpeg 1024w, https:\/\/yola-cabanas.com\/wp-content\/uploads\/2023\/12\/Yola-Cabanas-Self-Portrait-Pencil-and-Sphere-Digital-Art-300x300.jpeg 300w, https:\/\/yola-cabanas.com\/wp-content\/uploads\/2023\/12\/Yola-Cabanas-Self-Portrait-Pencil-and-Sphere-Digital-Art-150x150.jpeg 150w, https:\/\/yola-cabanas.com\/wp-content\/uploads\/2023\/12\/Yola-Cabanas-Self-Portrait-Pencil-and-Sphere-Digital-Art-768x768.jpeg 768w, https:\/\/yola-cabanas.com\/wp-content\/uploads\/2023\/12\/Yola-Cabanas-Self-Portrait-Pencil-and-Sphere-Digital-Art.jpeg 1500w\" sizes=\"auto, (max-width: 1024px) 100vw, 1024px\" \/><\/figure>\n<\/figure>\n","protected":false},"excerpt":{"rendered":"<p>Pinturas En esta galer\u00eda online, me complace mostrar algunas de mis pinturas, la mayor parte de las cuales se encuentran en colecciones privadas. Arte Digital Como artista visual digital, me fascina la creatividad en intersecci\u00f3n con la tecnolog\u00eda. El arte digital puede inspirarnos nuevas formas de crear y visualizar. En mis obras de arte digital, [&hellip;]<\/p>\n","protected":false},"author":1,"featured_media":0,"parent":0,"menu_order":0,"comment_status":"closed","ping_status":"closed","template":"","meta":{"footnotes":""},"class_list":["post-3365","page","type-page","status-publish","hentry"],"blocksy_meta":[],"_hostinger_reach_plugin_has_subscription_block":false,"_hostinger_reach_plugin_is_elementor":false,"_links":{"self":[{"href":"https:\/\/yola-cabanas.com\/index.php\/wp-json\/wp\/v2\/pages\/3365","targetHints":{"allow":["GET"]}}],"collection":[{"href":"https:\/\/yola-cabanas.com\/index.php\/wp-json\/wp\/v2\/pages"}],"about":[{"href":"https:\/\/yola-cabanas.com\/index.php\/wp-json\/wp\/v2\/types\/page"}],"author":[{"embeddable":true,"href":"https:\/\/yola-cabanas.com\/index.php\/wp-json\/wp\/v2\/users\/1"}],"replies":[{"embeddable":true,"href":"https:\/\/yola-cabanas.com\/index.php\/wp-json\/wp\/v2\/comments?post=3365"}],"version-history":[{"count":33,"href":"https:\/\/yola-cabanas.com\/index.php\/wp-json\/wp\/v2\/pages\/3365\/revisions"}],"predecessor-version":[{"id":3658,"href":"https:\/\/yola-cabanas.com\/index.php\/wp-json\/wp\/v2\/pages\/3365\/revisions\/3658"}],"wp:attachment":[{"href":"https:\/\/yola-cabanas.com\/index.php\/wp-json\/wp\/v2\/media?parent=3365"}],"curies":[{"name":"wp","href":"https:\/\/api.w.org\/{rel}","templated":true}]}}