{"id":937,"date":"2023-12-15T22:02:26","date_gmt":"2023-12-15T21:02:26","guid":{"rendered":"https:\/\/yola-cabanas.com\/?page_id=937"},"modified":"2025-12-19T18:50:15","modified_gmt":"2025-12-19T17:50:15","slug":"art-exhibits","status":"publish","type":"page","link":"https:\/\/yola-cabanas.com\/index.php\/art-exhibits\/","title":{"rendered":"exposiciones"},"content":{"rendered":"\n<p>He participados en diversas ferias de Arte y Exposiciones, tanto individuales como colectivas, entre otras:<\/p>\n\n\n\n<h3 class=\"wp-block-heading\">Eventos y Ferias de Arte<\/h3>\n\n\n\n<ul class=\"wp-block-list\">\n<li>Feria de Arte, Ayuntamiento de San Lorenzo de El Escorial, Madrid<\/li>\n<\/ul>\n\n\n\n<ul class=\"wp-block-list\">\n<li>MUPAM, Museo de Patrimonio Municipal de M\u00e1laga. Presentaci\u00f3n con proyecci\u00f3n de luz de obra pict\u00f3rica, colectiva<\/li>\n<\/ul>\n\n\n\n<ul class=\"wp-block-list\">\n<li>Feria Internacional de Arte, Sal\u00f3n de Oto\u00f1o, Espacio 120, Barcelona, Representada por Galer\u00eda Arag\u00f3n 232<\/li>\n<\/ul>\n\n\n\n<h3 class=\"wp-block-heading\">Exposiciones Individuales<\/h3>\n\n\n\n<ul class=\"wp-block-list\">\n<li>Sala Exposiciones en La Cochera, \u201cPlacer\u201d, M\u00e1laga<\/li>\n\n\n\n<li>Soho Caf\u00e9, \u201cConexiones: Visiones paralelas\u201d (dual), M\u00e1laga<\/li>\n\n\n\n<li>Hotel Vincci Estrella del Mar, \u201cMundos\u201d, Marbella<\/li>\n\n\n\n<li>Caf\u00e9 Arte Lolita, \u201cLiberaci\u00f3n\u201d, M\u00e1laga<\/li>\n\n\n\n<li>Sala Exposiciones del Parque Tecnol\u00f3gico de Andaluc\u00eda, &#8220;Conciencia&#8221;<\/li>\n\n\n\n<li>Hotel Vincci, \u201cRealidades\u201d, M\u00e1laga<\/li>\n<\/ul>\n\n\n\n<h3 class=\"wp-block-heading\">Exposiciones Colectivas<\/h3>\n\n\n\n<ul class=\"wp-block-list\">\n<li>University de Alcal\u00e1 de Henares, facultad de derecho, tem\u00e1tica libre, Alcal\u00e1 de Henares<\/li>\n\n\n\n<li>Sala exposiciones del Ayuntamiento de Bargas, Toledo<\/li>\n\n\n\n<li>Fundaci\u00f3n Caja de \u00c1vila, Los Serrano Palace, \u00c1vila<\/li>\n\n\n\n<li>Casa de Cultura en Manzanares el Real<\/li>\n\n\n\n<li>Sala exposiciones Maruja Mallo, Centro Cultural Clara Campoamor, Madrid<\/li>\n\n\n\n<li>Museo Casa Julio Escobar, Los Molinos, Madrid<\/li>\n\n\n\n<li>Restaurante Vino M\u00edo, \u201cHomenaje a Cervantes\u201d, M\u00e1laga<\/li>\n\n\n\n<li>Galler\u00eda Javier Rom\u00e1n, \u201cNoche de las Estrellas\u201d, M\u00e1laga<\/li>\n\n\n\n<li>Diputaci\u00f3n de M\u00e1laga, \u201cArte Malacitano\u201d, M\u00e1laga<\/li>\n\n\n\n<li>Sala exposiciones Manuel Barbadillo, \u201cEl Mar\u201d, M\u00e1laga<\/li>\n\n\n\n<li>Miguel Cervantes Library, \u201c\u00c1frica y la Mujer\u201d, M\u00e1laga<\/li>\n\n\n\n<li>Sala de exposiciones Manuel Barbadillo, \u201cPresencias 37\u201d, M\u00e1laga<\/li>\n\n\n\n<li>Diputaci\u00f3n de M\u00e1laga, \u201cPresencias 36\u201d<\/li>\n<\/ul>\n\n\n\n<hr class=\"wp-block-separator has-alpha-channel-opacity is-style-wide\"\/>\n\n\n\n<div class=\"wp-block-stackable-feature stk-block-feature stk-block stk-a54933f is-style-default\" data-v=\"2\" data-block-id=\"a54933f\"><style>.stk-a54933f {--stk-feature-flex-wrap:nowrap !important;}<\/style><div class=\"stk-content-align stk-a54933f-column stk-container stk-a54933f-container stk--no-background stk--no-padding\"><div class=\"stk-inner-blocks stk-block-content stk-row\">\n<div class=\"wp-block-stackable-column stk-block-column stk-column stk-block stk-3f8fa02\" data-v=\"4\" data-block-id=\"3f8fa02\"><style>.stk-3f8fa02 {align-self:center !important;}<\/style><div class=\"stk-column-wrapper stk-block-column__content stk-container stk-3f8fa02-container stk--no-background stk--no-padding\"><div class=\"stk-block-content stk-inner-blocks stk-3f8fa02-inner-blocks\">\n<h4 class=\"wp-block-heading\">Poema dedicado &#8220;Pintora de Palabras&#8221; <\/h4>\n\n\n\n<h5 class=\"wp-block-heading\">MUPAM, Museum of Municipal Heritage of M\u00e1laga<\/h5>\n\n\n\n<p>La poeta Magdalena Mart\u00edn me escribi\u00f3 y dedic\u00f3 este precioso poema titulado &#8220;Pintora de Palabras&#8221;. <\/p>\n\n\n\n<div class=\"wp-block-stackable-text stk-block-text stk-block stk-369fb05\" data-block-id=\"369fb05\"><p class=\"stk-block-text__text has-text-align-justify\">Es un poema muy inspirado. Me sorprendi\u00f3 puesto que  no  nos conoc\u00edamos personalmente hasta el d\u00eda en que me lo hizo entrega en el evento cultural organizado por la gestora cultural y tambi\u00e9n poeta Isabel Romero en el MUPAM Museo de Patrimonio Municipal de M\u00e1laga. <\/p><\/div>\n<\/div><\/div><\/div>\n\n\n\n<div class=\"wp-block-stackable-column stk-block-column stk-column stk-block stk-6d08e6e\" data-v=\"4\" data-block-id=\"6d08e6e\"><style>.stk-6d08e6e {align-self:center !important;}<\/style><div class=\"stk-column-wrapper stk-block-column__content stk-container stk-6d08e6e-container stk--no-background stk--no-padding\"><div class=\"stk-block-content stk-inner-blocks stk-6d08e6e-inner-blocks\">\n<div class=\"wp-block-stackable-image stk-block-image stk-block stk-109c8fa\" data-block-id=\"109c8fa\"><style>.stk-109c8fa .stk-img-wrapper{width:71% !important;}<\/style><figure><span class=\"stk-img-wrapper stk-image--shape-stretch\"><img loading=\"lazy\" decoding=\"async\" class=\"stk-img wp-image-2659\" src=\"https:\/\/yola-cabanas.com\/wp-content\/uploads\/2023\/12\/poesia-yola-cabanas-pintora-palabras-magdalena-martin.webp\" width=\"825\" height=\"1100\" srcset=\"https:\/\/yola-cabanas.com\/wp-content\/uploads\/2023\/12\/poesia-yola-cabanas-pintora-palabras-magdalena-martin.webp 825w, https:\/\/yola-cabanas.com\/wp-content\/uploads\/2023\/12\/poesia-yola-cabanas-pintora-palabras-magdalena-martin-225x300.webp 225w, https:\/\/yola-cabanas.com\/wp-content\/uploads\/2023\/12\/poesia-yola-cabanas-pintora-palabras-magdalena-martin-768x1024.webp 768w\" sizes=\"auto, (max-width: 825px) 100vw, 825px\" \/><\/span><\/figure><\/div>\n<\/div><\/div><\/div>\n<\/div><\/div><\/div>\n\n\n\n<h4 class=\"wp-block-heading has-text-align-center\">El Arte evoca emociones profundas<\/h4>\n\n\n\n<h5 class=\"wp-block-heading has-text-align-center\">El Arte conecta el consciente y el Inconsciente, lo visible y lo Invisible<\/h5>\n\n\n\n<div class=\"wp-block-stackable-columns stk-block-columns stk-block stk-6372c51\" data-block-id=\"6372c51\"><div class=\"stk-row stk-inner-blocks stk-block-content stk-content-align stk-6372c51-column\">\n<div class=\"wp-block-stackable-column stk-block-column stk-column stk-block stk-fbbfc54\" data-v=\"4\" data-block-id=\"fbbfc54\"><div class=\"stk-column-wrapper stk-block-column__content stk-container stk-fbbfc54-container stk--no-background stk--no-padding\"><div class=\"stk-block-content stk-inner-blocks stk-fbbfc54-inner-blocks\">\n<h3 class=\"wp-block-heading has-text-align-center\">Reviews de  REVISTART<\/h3>\n\n\n\n<div class=\"wp-block-stackable-image stk-block-image stk-block stk-e99195b\" data-block-id=\"e99195b\"><figure><span class=\"stk-img-wrapper stk-image--shape-stretch\"><img loading=\"lazy\" decoding=\"async\" class=\"stk-img wp-image-2665\" src=\"https:\/\/yola-cabanas.com\/wp-content\/uploads\/2023\/12\/revistart-expresinismo-magico-Yola-Cabanas.webp\" width=\"649\" height=\"1100\" srcset=\"https:\/\/yola-cabanas.com\/wp-content\/uploads\/2023\/12\/revistart-expresinismo-magico-Yola-Cabanas.webp 649w, https:\/\/yola-cabanas.com\/wp-content\/uploads\/2023\/12\/revistart-expresinismo-magico-Yola-Cabanas-177x300.webp 177w, https:\/\/yola-cabanas.com\/wp-content\/uploads\/2023\/12\/revistart-expresinismo-magico-Yola-Cabanas-604x1024.webp 604w\" sizes=\"auto, (max-width: 649px) 100vw, 649px\" \/><\/span><\/figure><\/div>\n<\/div><\/div><\/div>\n\n\n\n<div class=\"wp-block-stackable-column stk-block-column stk-column stk-block stk-3de98b8\" data-v=\"4\" data-block-id=\"3de98b8\"><div class=\"stk-column-wrapper stk-block-column__content stk-container stk-3de98b8-container stk--no-background stk--no-padding\"><div class=\"stk-block-content stk-inner-blocks stk-3de98b8-inner-blocks\">\n<figure class=\"wp-block-image aligncenter size-full is-resized\"><img loading=\"lazy\" decoding=\"async\" width=\"387\" height=\"1023\" src=\"https:\/\/yola-cabanas.com\/wp-content\/uploads\/2023\/12\/Yola-CAbanas-revistart-corazon-de-indio-1.webp\" alt=\"\" class=\"wp-image-2664\" style=\"width:303px;height:auto\" srcset=\"https:\/\/yola-cabanas.com\/wp-content\/uploads\/2023\/12\/Yola-CAbanas-revistart-corazon-de-indio-1.webp 387w, https:\/\/yola-cabanas.com\/wp-content\/uploads\/2023\/12\/Yola-CAbanas-revistart-corazon-de-indio-1-113x300.webp 113w\" sizes=\"auto, (max-width: 387px) 100vw, 387px\" \/><\/figure>\n<\/div><\/div><\/div>\n\n\n\n<div class=\"wp-block-stackable-column stk-block-column stk-column stk-block stk-7e588b3\" data-v=\"4\" data-block-id=\"7e588b3\"><div class=\"stk-column-wrapper stk-block-column__content stk-container stk-7e588b3-container stk--no-background stk--no-padding\"><div class=\"stk-block-content stk-inner-blocks stk-7e588b3-inner-blocks\">\n<figure class=\"wp-block-image size-full is-resized\"><img loading=\"lazy\" decoding=\"async\" width=\"404\" height=\"1025\" src=\"https:\/\/yola-cabanas.com\/wp-content\/uploads\/2023\/12\/revistart-yola-MUPAM.webp\" alt=\"\" class=\"wp-image-2666\" style=\"width:316px;height:auto\" srcset=\"https:\/\/yola-cabanas.com\/wp-content\/uploads\/2023\/12\/revistart-yola-MUPAM.webp 404w, https:\/\/yola-cabanas.com\/wp-content\/uploads\/2023\/12\/revistart-yola-MUPAM-118x300.webp 118w\" sizes=\"auto, (max-width: 404px) 100vw, 404px\" \/><\/figure>\n<\/div><\/div><\/div>\n<\/div><\/div>\n\n\n\n<figure class=\"wp-block-pullquote\"><blockquote><p><span style=\"color: #abb8c3;\" class=\"stk-highlight\">\u201cEl Arte deber\u00eda ser algo que libere el alma, provoque la imaginaci\u00f3n y anime a la gente a ir m\u00e1s all\u00e1.\u201d<\/span><\/p><cite>\u2014 Ren\u00e9 Magritte<\/cite><\/blockquote><\/figure>\n\n\n\n<p><\/p>\n","protected":false},"excerpt":{"rendered":"<p>He participados en diversas ferias de Arte y Exposiciones, tanto individuales como colectivas, entre otras: Eventos y Ferias de Arte Exposiciones Individuales Exposiciones Colectivas Poema dedicado &#8220;Pintora de Palabras&#8221; MUPAM, Museum of Municipal Heritage of M\u00e1laga La poeta Magdalena Mart\u00edn me escribi\u00f3 y dedic\u00f3 este precioso poema titulado &#8220;Pintora de Palabras&#8221;. Es un poema muy [&hellip;]<\/p>\n","protected":false},"author":1,"featured_media":0,"parent":0,"menu_order":0,"comment_status":"closed","ping_status":"closed","template":"","meta":{"footnotes":""},"class_list":["post-937","page","type-page","status-publish","hentry"],"blocksy_meta":[],"_hostinger_reach_plugin_has_subscription_block":false,"_hostinger_reach_plugin_is_elementor":false,"_links":{"self":[{"href":"https:\/\/yola-cabanas.com\/index.php\/wp-json\/wp\/v2\/pages\/937","targetHints":{"allow":["GET"]}}],"collection":[{"href":"https:\/\/yola-cabanas.com\/index.php\/wp-json\/wp\/v2\/pages"}],"about":[{"href":"https:\/\/yola-cabanas.com\/index.php\/wp-json\/wp\/v2\/types\/page"}],"author":[{"embeddable":true,"href":"https:\/\/yola-cabanas.com\/index.php\/wp-json\/wp\/v2\/users\/1"}],"replies":[{"embeddable":true,"href":"https:\/\/yola-cabanas.com\/index.php\/wp-json\/wp\/v2\/comments?post=937"}],"version-history":[{"count":36,"href":"https:\/\/yola-cabanas.com\/index.php\/wp-json\/wp\/v2\/pages\/937\/revisions"}],"predecessor-version":[{"id":3565,"href":"https:\/\/yola-cabanas.com\/index.php\/wp-json\/wp\/v2\/pages\/937\/revisions\/3565"}],"wp:attachment":[{"href":"https:\/\/yola-cabanas.com\/index.php\/wp-json\/wp\/v2\/media?parent=937"}],"curies":[{"name":"wp","href":"https:\/\/api.w.org\/{rel}","templated":true}]}}